{"id":2,"date":"2025-08-04T14:23:23","date_gmt":"2025-08-04T14:23:23","guid":{"rendered":"https:\/\/www.creatingcompetitiveness.at\/CC\/?page_id=2"},"modified":"2025-08-27T09:14:17","modified_gmt":"2025-08-27T07:14:17","slug":"home","status":"publish","type":"page","link":"https:\/\/www.creatingcompetitiveness.at\/en\/","title":{"rendered":"Home"},"content":{"rendered":"<div data-elementor-type=\"wp-page\" data-elementor-id=\"2\" class=\"elementor elementor-2\" data-elementor-post-type=\"page\">\n\t\t\t\t<div class=\"elementor-element elementor-element-feda5dd e-flex e-con-boxed e-con e-parent\" data-id=\"feda5dd\" data-element_type=\"container\" data-e-type=\"container\" data-settings=\"{&quot;background_background&quot;:&quot;classic&quot;}\">\n\t\t\t\t\t<div class=\"e-con-inner\">\n\t\t\t\t<div class=\"elementor-element elementor-element-0478aaf elementor-widget elementor-widget-heading\" data-id=\"0478aaf\" data-element_type=\"widget\" data-e-type=\"widget\" data-widget_type=\"heading.default\">\n\t\t\t\t\t<h1 class=\"elementor-heading-title elementor-size-default\">Creating <br \/>Competitive&shy;ness<\/h1>\t\t\t\t<\/div>\n\t\t\t\t<div class=\"elementor-element elementor-element-d8355af elementor-widget elementor-widget-heading\" data-id=\"d8355af\" data-element_type=\"widget\" data-e-type=\"widget\" data-widget_type=\"heading.default\">\n\t\t\t\t\t<h2 class=\"elementor-heading-title elementor-size-default\">Interdisciplinary Research and <br \/> Strategic Management Consulting.<\/h2>\t\t\t\t<\/div>\n\t\t\t\t\t<\/div>\n\t\t\t\t<\/div>\n\t\t<div class=\"elementor-element elementor-element-68cf208 e-grid e-con-boxed e-con e-parent\" data-id=\"68cf208\" data-element_type=\"container\" data-e-type=\"container\">\n\t\t\t\t\t<div class=\"e-con-inner\">\n\t\t<a class=\"elementor-element elementor-element-d35c9ef e-con-full e-flex e-con e-child\" data-id=\"d35c9ef\" data-element_type=\"container\" data-e-type=\"container\" data-settings=\"{&quot;background_background&quot;:&quot;classic&quot;}\" href=\"https:\/\/www.creatingcompetitiveness.at\/en\/competitiveness-finder\/\">\n\t\t\t\t<div class=\"elementor-element elementor-element-80a0fd7 elementor-widget elementor-widget-heading\" data-id=\"80a0fd7\" data-element_type=\"widget\" data-e-type=\"widget\" data-widget_type=\"heading.default\">\n\t\t\t\t\t<h2 class=\"elementor-heading-title elementor-size-default\">COMPETITIV&shy;ENESS FINDER <br \/>COMPETITIVENESS FINDER<\/h2>\t\t\t\t<\/div>\n\t\t\t\t<div class=\"elementor-element elementor-element-2305db6 elementor-widget-divider--view-line elementor-widget elementor-widget-divider\" data-id=\"2305db6\" data-element_type=\"widget\" data-e-type=\"widget\" data-widget_type=\"divider.default\">\n\t\t\t\t\t\t\t<div class=\"elementor-divider\">\n\t\t\t<span class=\"elementor-divider-separator\">\n\t\t\t\t\t\t<\/span>\n\t\t<\/div>\n\t\t\t\t\t\t<\/div>\n\t\t\t\t<div class=\"elementor-element elementor-element-cfb3565 elementor-widget elementor-widget-text-editor\" data-id=\"cfb3565\" data-element_type=\"widget\" data-e-type=\"widget\" data-widget_type=\"text-editor.default\">\n\t\t\t\t\t\t\t\t\t<p>The Competitiveness Finder analyzes your current competitive position.<\/p><p>You will gain valuable insights into how you are positioned in relation to other TOP companies and how you can increase your competitiveness.<\/p>\t\t\t\t\t\t\t\t<\/div>\n\t\t\t\t<\/a>\n\t\t<a class=\"elementor-element elementor-element-52fc240 e-con-full e-flex e-con e-child\" data-id=\"52fc240\" data-element_type=\"container\" data-e-type=\"container\" data-settings=\"{&quot;background_background&quot;:&quot;classic&quot;}\" href=\"https:\/\/www.creatingcompetitiveness.at\/en\/modell\/\">\n\t\t\t\t<div class=\"elementor-element elementor-element-b7ae5dd elementor-widget elementor-widget-heading\" data-id=\"b7ae5dd\" data-element_type=\"widget\" data-e-type=\"widget\" data-widget_type=\"heading.default\">\n\t\t\t\t\t<h2 class=\"elementor-heading-title elementor-size-default\">GET TO KNOW THE CC-FRAMEWORK<\/h2>\t\t\t\t<\/div>\n\t\t\t\t<div class=\"elementor-element elementor-element-a4301e8 elementor-widget-divider--view-line elementor-widget elementor-widget-divider\" data-id=\"a4301e8\" data-element_type=\"widget\" data-e-type=\"widget\" data-widget_type=\"divider.default\">\n\t\t\t\t\t\t\t<div class=\"elementor-divider\">\n\t\t\t<span class=\"elementor-divider-separator\">\n\t\t\t\t\t\t<\/span>\n\t\t<\/div>\n\t\t\t\t\t\t<\/div>\n\t\t\t\t<div class=\"elementor-element elementor-element-6d8564f elementor-widget elementor-widget-text-editor\" data-id=\"6d8564f\" data-element_type=\"widget\" data-e-type=\"widget\" data-widget_type=\"text-editor.default\">\n\t\t\t\t\t\t\t\t\t<p>Based on four key factors of strategic success, the CC-Framework shows four competitive arenas.<\/p>\n<p>In each competitive arena, specific competition rules apply. Understanding these and acting accordingly is crucial.<\/p>\t\t\t\t\t\t\t\t<\/div>\n\t\t\t\t<\/a>\n\t\t<a class=\"elementor-element elementor-element-dd95a68 e-con-full e-flex e-con e-child\" data-id=\"dd95a68\" data-element_type=\"container\" data-e-type=\"container\" data-settings=\"{&quot;background_background&quot;:&quot;classic&quot;}\" href=\"https:\/\/www.creatingcompetitiveness.at\/en\/blog\/\">\n\t\t\t\t<div class=\"elementor-element elementor-element-c8a747c elementor-widget elementor-widget-heading\" data-id=\"c8a747c\" data-element_type=\"widget\" data-e-type=\"widget\" data-widget_type=\"heading.default\">\n\t\t\t\t\t<h2 class=\"elementor-heading-title elementor-size-default\">FOCUS<br \/> ON THE <br \/>FUTURE<\/h2>\t\t\t\t<\/div>\n\t\t\t\t<div class=\"elementor-element elementor-element-251b406 elementor-widget-divider--view-line elementor-widget elementor-widget-divider\" data-id=\"251b406\" data-element_type=\"widget\" data-e-type=\"widget\" data-widget_type=\"divider.default\">\n\t\t\t\t\t\t\t<div class=\"elementor-divider\">\n\t\t\t<span class=\"elementor-divider-separator\">\n\t\t\t\t\t\t<\/span>\n\t\t<\/div>\n\t\t\t\t\t\t<\/div>\n\t\t\t\t<div class=\"elementor-element elementor-element-deeb7c6 elementor-widget elementor-widget-text-editor\" data-id=\"deeb7c6\" data-element_type=\"widget\" data-e-type=\"widget\" data-widget_type=\"text-editor.default\">\n\t\t\t\t\t\t\t\t\t<p>In our blog, you will find information about new studies and novel scientific findings on competitiveness in a globalized, digital and increasingly networked world.<\/p>\t\t\t\t\t\t\t\t<\/div>\n\t\t\t\t<\/a>\n\t\t\t\t\t<\/div>\n\t\t\t\t<\/div>\n\t\t\t\t<\/div>","protected":false},"excerpt":{"rendered":"<p>Creating Competitive&shy;ness Interdisziplin\u00e4re Forschung und Strategische Management&shy;beratung. COMPETITIV&shy;ENESS FINDER STARTEN Der Competitiveness Finder analysiert Ihre aktuelle Position im Wettbewerb. Sie erhalten wertvolle Einblicke, wie Sie im Verh\u00e4ltnis zu anderen TOP-Unternehmen positioniert sind und wie Sie Ihre Wettbewerbsf\u00e4higkeit erh\u00f6hen k\u00f6nnen. LERNEN SIE DAS CC-MODELL KENNEN Aufbauend auf 4 Schl\u00fcsselfaktoren strategischen Erfolgs zeigt das Modell vier Wettbewerbsarenen. [&hellip;]<\/p>\n","protected":false},"author":1,"featured_media":0,"parent":0,"menu_order":0,"comment_status":"closed","ping_status":"closed","template":"","meta":{"footnotes":""},"class_list":["post-2","page","type-page","status-publish","hentry"],"_links":{"self":[{"href":"https:\/\/www.creatingcompetitiveness.at\/en\/wp-json\/wp\/v2\/pages\/2","targetHints":{"allow":["GET"]}}],"collection":[{"href":"https:\/\/www.creatingcompetitiveness.at\/en\/wp-json\/wp\/v2\/pages"}],"about":[{"href":"https:\/\/www.creatingcompetitiveness.at\/en\/wp-json\/wp\/v2\/types\/page"}],"author":[{"embeddable":true,"href":"https:\/\/www.creatingcompetitiveness.at\/en\/wp-json\/wp\/v2\/users\/1"}],"replies":[{"embeddable":true,"href":"https:\/\/www.creatingcompetitiveness.at\/en\/wp-json\/wp\/v2\/comments?post=2"}],"version-history":[{"count":25,"href":"https:\/\/www.creatingcompetitiveness.at\/en\/wp-json\/wp\/v2\/pages\/2\/revisions"}],"predecessor-version":[{"id":170,"href":"https:\/\/www.creatingcompetitiveness.at\/en\/wp-json\/wp\/v2\/pages\/2\/revisions\/170"}],"wp:attachment":[{"href":"https:\/\/www.creatingcompetitiveness.at\/en\/wp-json\/wp\/v2\/media?parent=2"}],"curies":[{"name":"wp","href":"https:\/\/api.w.org\/{rel}","templated":true}]}}