{"id":18,"date":"2025-08-04T16:44:51","date_gmt":"2025-08-04T14:44:51","guid":{"rendered":"https:\/\/www.creatingcompetitiveness.at\/CC\/?page_id=18"},"modified":"2025-08-27T08:59:26","modified_gmt":"2025-08-27T06:59:26","slug":"modell","status":"publish","type":"page","link":"https:\/\/www.creatingcompetitiveness.at\/en\/modell\/","title":{"rendered":"Framework"},"content":{"rendered":"<div data-elementor-type=\"wp-page\" data-elementor-id=\"18\" class=\"elementor elementor-18\" data-elementor-post-type=\"page\">\n\t\t\t\t<div class=\"elementor-element elementor-element-eab529d e-flex e-con-boxed e-con e-parent\" data-id=\"eab529d\" data-element_type=\"container\" data-e-type=\"container\" data-settings=\"{&quot;background_background&quot;:&quot;classic&quot;}\">\n\t\t\t\t\t<div class=\"e-con-inner\">\n\t\t\t\t<div class=\"elementor-element elementor-element-0674770 elementor-widget elementor-widget-heading\" data-id=\"0674770\" data-element_type=\"widget\" data-e-type=\"widget\" data-widget_type=\"heading.default\">\n\t\t\t\t\t<h2 class=\"elementor-heading-title elementor-size-default\">The Framework.<\/h2>\t\t\t\t<\/div>\n\t\t\t\t<div class=\"elementor-element elementor-element-baf7f26 elementor-widget elementor-widget-heading\" data-id=\"baf7f26\" data-element_type=\"widget\" data-e-type=\"widget\" data-widget_type=\"heading.default\">\n\t\t\t\t\t<h2 class=\"elementor-heading-title elementor-size-default\">The background of the Competitiveness Finder and the four competitive arenas.<\/h2>\t\t\t\t<\/div>\n\t\t\t\t\t<\/div>\n\t\t\t\t<\/div>\n\t\t<div class=\"elementor-element elementor-element-5dcde40 e-flex e-con-boxed e-con e-parent\" data-id=\"5dcde40\" data-element_type=\"container\" data-e-type=\"container\">\n\t\t\t\t\t<div class=\"e-con-inner\">\n\t\t\t\t<div class=\"elementor-element elementor-element-fd7b9e8 elementor-widget elementor-widget-text-editor\" data-id=\"fd7b9e8\" data-element_type=\"widget\" data-e-type=\"widget\" data-widget_type=\"text-editor.default\">\n\t\t\t\t\t\t\t\t\t<p><strong>The Competitiveness Framework and the Competitiveness Finder developed by experts from Johannes Kepler University are based on key insights from strategic management. Four key factors of strategic success are at the heart of competitiveness in a digital and interconnected world.<\/strong><\/p>\t\t\t\t\t\t\t\t<\/div>\n\t\t\t\t<div class=\"elementor-element elementor-element-e39f76c elementor-widget elementor-widget-heading\" data-id=\"e39f76c\" data-element_type=\"widget\" data-e-type=\"widget\" data-widget_type=\"heading.default\">\n\t\t\t\t\t<h3 class=\"elementor-heading-title elementor-size-default\">RIVALRY<\/h3>\t\t\t\t<\/div>\n\t\t\t\t<div class=\"elementor-element elementor-element-84c9c1f elementor-widget elementor-widget-text-editor\" data-id=\"84c9c1f\" data-element_type=\"widget\" data-e-type=\"widget\" data-widget_type=\"text-editor.default\">\n\t\t\t\t\t\t\t\t\t<p>The ability to stand out and compete against others.<\/p>\t\t\t\t\t\t\t\t<\/div>\n\t\t\t\t<div class=\"elementor-element elementor-element-ebfeef4 elementor-widget elementor-widget-heading\" data-id=\"ebfeef4\" data-element_type=\"widget\" data-e-type=\"widget\" data-widget_type=\"heading.default\">\n\t\t\t\t\t<h3 class=\"elementor-heading-title elementor-size-default\">COOPERATION<\/h3>\t\t\t\t<\/div>\n\t\t\t\t<div class=\"elementor-element elementor-element-a51fecc elementor-widget elementor-widget-text-editor\" data-id=\"a51fecc\" data-element_type=\"widget\" data-e-type=\"widget\" data-widget_type=\"text-editor.default\">\n\t\t\t\t\t\t\t\t\t<p>The ability to collaborate with others and achieve goals together.<\/p>\t\t\t\t\t\t\t\t<\/div>\n\t\t\t\t<div class=\"elementor-element elementor-element-000acd9 elementor-widget elementor-widget-heading\" data-id=\"000acd9\" data-element_type=\"widget\" data-e-type=\"widget\" data-widget_type=\"heading.default\">\n\t\t\t\t\t<h3 class=\"elementor-heading-title elementor-size-default\">CONTINUITY<\/h3>\t\t\t\t<\/div>\n\t\t\t\t<div class=\"elementor-element elementor-element-5d9a3ee elementor-widget elementor-widget-text-editor\" data-id=\"5d9a3ee\" data-element_type=\"widget\" data-e-type=\"widget\" data-widget_type=\"text-editor.default\">\n\t\t\t\t\t\t\t\t\t<p>The ability to build on proven strengths and continue to build on previous successes.<\/p>\t\t\t\t\t\t\t\t<\/div>\n\t\t\t\t<div class=\"elementor-element elementor-element-dd66b16 elementor-widget elementor-widget-heading\" data-id=\"dd66b16\" data-element_type=\"widget\" data-e-type=\"widget\" data-widget_type=\"heading.default\">\n\t\t\t\t\t<h3 class=\"elementor-heading-title elementor-size-default\">STRATEGIC CHOICE<\/h3>\t\t\t\t<\/div>\n\t\t\t\t<div class=\"elementor-element elementor-element-38f6409 elementor-widget elementor-widget-text-editor\" data-id=\"38f6409\" data-element_type=\"widget\" data-e-type=\"widget\" data-widget_type=\"text-editor.default\">\n\t\t\t\t\t\t\t\t\t<p>The ability to actively shape the future and break new ground.<\/p>\t\t\t\t\t\t\t\t<\/div>\n\t\t\t\t<div class=\"elementor-element elementor-element-7121515 elementor-widget elementor-widget-text-editor\" data-id=\"7121515\" data-element_type=\"widget\" data-e-type=\"widget\" data-widget_type=\"text-editor.default\">\n\t\t\t\t\t\t\t\t\t<div id=\"cc-m-14493669330\" class=\"j-module n j-text\"><p>In a digital and interconnected world, the traditional division of inside (company) and outside (environment) is becoming increasingly irrelevant. New products, services, and business models are changing industries and creating new arenas of competition. Different rules apply, and new competencies are required to score in the market.<\/p><\/div><div id=\"cc-m-14493669530\" class=\"j-module n j-text\"><p><strong>The question arises to what extent it is better to generate added value for customers alone or together with others, whether it is better to rely on known strengths and existing competencies or to throw the old overboard and break new ground. The Creating Competitiveness Framework addresses these questions and shows what is essential in each of the four competitive arenas.<\/strong><\/p><\/div>\t\t\t\t\t\t\t\t<\/div>\n\t\t\t\t<div class=\"elementor-element elementor-element-a30b043 elementor-widget-divider--view-line elementor-widget elementor-widget-divider\" data-id=\"a30b043\" data-element_type=\"widget\" data-e-type=\"widget\" data-widget_type=\"divider.default\">\n\t\t\t\t\t\t\t<div class=\"elementor-divider\">\n\t\t\t<span class=\"elementor-divider-separator\">\n\t\t\t\t\t\t<\/span>\n\t\t<\/div>\n\t\t\t\t\t\t<\/div>\n\t\t\t\t\t<\/div>\n\t\t\t\t<\/div>\n\t\t<div class=\"elementor-element elementor-element-db4b755 e-flex e-con-boxed e-con e-parent\" data-id=\"db4b755\" data-element_type=\"container\" data-e-type=\"container\">\n\t\t\t\t\t<div class=\"e-con-inner\">\n\t\t\t\t<div class=\"elementor-element elementor-element-c2f6b7c elementor-widget elementor-widget-heading\" data-id=\"c2f6b7c\" data-element_type=\"widget\" data-e-type=\"widget\" data-widget_type=\"heading.default\">\n\t\t\t\t\t<h2 class=\"elementor-heading-title elementor-size-default\">RIVALRY - COOPERATION<\/h2>\t\t\t\t<\/div>\n\t\t\t\t<div class=\"elementor-element elementor-element-988887b elementor-widget elementor-widget-text-editor\" data-id=\"988887b\" data-element_type=\"widget\" data-e-type=\"widget\" data-widget_type=\"text-editor.default\">\n\t\t\t\t\t\t\t\t\t<p>Western economies are characterized by rivalry. In many minds, it is anchored: \"Only one can win!\" The others are the losers. High rivalry and cutthroat competition based on prices characterize the competitive situation in many industries.<\/p>\t\t\t\t\t\t\t\t<\/div>\n\t\t\t\t<div class=\"elementor-element elementor-element-6506576 elementor-widget elementor-widget-image\" data-id=\"6506576\" data-element_type=\"widget\" data-e-type=\"widget\" data-widget_type=\"image.default\">\n\t\t\t\t\t\t\t\t\t\t\t\t\t\t\t<img fetchpriority=\"high\" decoding=\"async\" width=\"635\" height=\"263\" src=\"https:\/\/www.creatingcompetitiveness.at\/wp-content\/uploads\/2025\/08\/rivalry-cooperation.png\" class=\"attachment-large size-large wp-image-72\" alt=\"\" srcset=\"https:\/\/www.creatingcompetitiveness.at\/wp-content\/uploads\/2025\/08\/rivalry-cooperation.png 635w, https:\/\/www.creatingcompetitiveness.at\/wp-content\/uploads\/2025\/08\/rivalry-cooperation-300x125.png 300w, https:\/\/www.creatingcompetitiveness.at\/wp-content\/uploads\/2025\/08\/rivalry-cooperation-18x8.png 18w\" sizes=\"(max-width: 635px) 100vw, 635px\" \/>\t\t\t\t\t\t\t\t\t\t\t\t\t\t\t<\/div>\n\t\t\t\t<div class=\"elementor-element elementor-element-b222353 elementor-widget elementor-widget-text-editor\" data-id=\"b222353\" data-element_type=\"widget\" data-e-type=\"widget\" data-widget_type=\"text-editor.default\">\n\t\t\t\t\t\t\t\t\t<div class=\"cc-m-hgrid-column last\"><div id=\"cc-matrix-4250499030\"><div id=\"cc-m-14493684130\" class=\"j-module n j-text\"><p>Industry 4.0, the Internet of Things, and an increasingly interconnected world make it difficult for lone wolves to compete. In many cases, the increasing pace and complexity require joint action on the market. Whether along the value chain, with competitors, or in the value network - cooperation is a success factor for many companies to achieve their goals.<\/p><\/div><\/div><\/div><div class=\"cc-m-hgrid-overlay\" data-display=\"cms-only\">\u00a0<\/div>\t\t\t\t\t\t\t\t<\/div>\n\t\t\t\t<div class=\"elementor-element elementor-element-e4d44f1 elementor-widget-divider--view-line elementor-widget elementor-widget-divider\" data-id=\"e4d44f1\" data-element_type=\"widget\" data-e-type=\"widget\" data-widget_type=\"divider.default\">\n\t\t\t\t\t\t\t<div class=\"elementor-divider\">\n\t\t\t<span class=\"elementor-divider-separator\">\n\t\t\t\t\t\t<\/span>\n\t\t<\/div>\n\t\t\t\t\t\t<\/div>\n\t\t\t\t<div class=\"elementor-element elementor-element-f85f51c elementor-widget elementor-widget-heading\" data-id=\"f85f51c\" data-element_type=\"widget\" data-e-type=\"widget\" data-widget_type=\"heading.default\">\n\t\t\t\t\t<h2 class=\"elementor-heading-title elementor-size-default\">STRATEGIC CHOICE - CONTINUITY<\/h2>\t\t\t\t<\/div>\n\t\t\t\t<div class=\"elementor-element elementor-element-4a5b27b elementor-widget elementor-widget-text-editor\" data-id=\"4a5b27b\" data-element_type=\"widget\" data-e-type=\"widget\" data-widget_type=\"text-editor.default\">\n\t\t\t\t\t\t\t\t\t<div class=\"cc-m-hgrid-column last\"><div id=\"cc-matrix-4250499030\"><div id=\"cc-m-14493684130\" class=\"j-module n j-text\"><p>A strategy that builds on the company's existing strengths has always been seen as promising. This is especially true in largely stable business environments. Known paths are deepened, experience and core competencies are leveraged, and unique market positions are consolidated. However, in turbulent times, it can be risky to rely exclusively on what has been successful to date.<\/p><\/div><\/div><\/div>\t\t\t\t\t\t\t\t<\/div>\n\t\t\t\t<div class=\"elementor-element elementor-element-ff0036f elementor-widget elementor-widget-image\" data-id=\"ff0036f\" data-element_type=\"widget\" data-e-type=\"widget\" data-widget_type=\"image.default\">\n\t\t\t\t\t\t\t\t\t\t\t\t\t\t\t<img decoding=\"async\" width=\"631\" height=\"305\" src=\"https:\/\/www.creatingcompetitiveness.at\/wp-content\/uploads\/2025\/08\/strategicchoice-continuity.png\" class=\"attachment-large size-large wp-image-74\" alt=\"\" srcset=\"https:\/\/www.creatingcompetitiveness.at\/wp-content\/uploads\/2025\/08\/strategicchoice-continuity.png 631w, https:\/\/www.creatingcompetitiveness.at\/wp-content\/uploads\/2025\/08\/strategicchoice-continuity-300x145.png 300w, https:\/\/www.creatingcompetitiveness.at\/wp-content\/uploads\/2025\/08\/strategicchoice-continuity-18x9.png 18w\" sizes=\"(max-width: 631px) 100vw, 631px\" \/>\t\t\t\t\t\t\t\t\t\t\t\t\t\t\t<\/div>\n\t\t\t\t<div class=\"elementor-element elementor-element-b24d742 elementor-widget elementor-widget-text-editor\" data-id=\"b24d742\" data-element_type=\"widget\" data-e-type=\"widget\" data-widget_type=\"text-editor.default\">\n\t\t\t\t\t\t\t\t\t<p>The creation of something new often goes hand in hand with the destruction of previous success. Digital and other technologies, new products, services, and business models lead to transformation in many sectors. This is possible when companies have the strategic choice to enforce new products, services, and business models or collaborate with partners to drive innovation and build markets.<\/p>\t\t\t\t\t\t\t\t<\/div>\n\t\t\t\t<div class=\"elementor-element elementor-element-63b306a elementor-widget-divider--view-line elementor-widget elementor-widget-divider\" data-id=\"63b306a\" data-element_type=\"widget\" data-e-type=\"widget\" data-widget_type=\"divider.default\">\n\t\t\t\t\t\t\t<div class=\"elementor-divider\">\n\t\t\t<span class=\"elementor-divider-separator\">\n\t\t\t\t\t\t<\/span>\n\t\t<\/div>\n\t\t\t\t\t\t<\/div>\n\t\t\t\t<div class=\"elementor-element elementor-element-8019515 elementor-widget elementor-widget-heading\" data-id=\"8019515\" data-element_type=\"widget\" data-e-type=\"widget\" data-widget_type=\"heading.default\">\n\t\t\t\t\t<h2 class=\"elementor-heading-title elementor-size-default\">COMPETITIVE ARENAS<\/h2>\t\t\t\t<\/div>\n\t\t\t\t<div class=\"elementor-element elementor-element-159c729 elementor-widget elementor-widget-text-editor\" data-id=\"159c729\" data-element_type=\"widget\" data-e-type=\"widget\" data-widget_type=\"text-editor.default\">\n\t\t\t\t\t\t\t\t\t<p>Building on the four key factors of strategic success, the CC framework shows four competitive arenas. In each of these arenas, specific rules of the game apply. Understanding these and acting accordingly is crucial. In each arena, certain strategy tools and management methods are particularly useful and others less so.<\/p>\t\t\t\t\t\t\t\t<\/div>\n\t\t\t\t<div class=\"elementor-element elementor-element-99e5ab6 elementor-widget elementor-widget-image\" data-id=\"99e5ab6\" data-element_type=\"widget\" data-e-type=\"widget\" data-widget_type=\"image.default\">\n\t\t\t\t\t\t\t\t\t\t\t\t\t\t\t<img decoding=\"async\" width=\"650\" height=\"377\" src=\"https:\/\/www.creatingcompetitiveness.at\/wp-content\/uploads\/2025\/08\/competitive-arenas.png\" class=\"attachment-large size-large wp-image-75\" alt=\"\" srcset=\"https:\/\/www.creatingcompetitiveness.at\/wp-content\/uploads\/2025\/08\/competitive-arenas.png 650w, https:\/\/www.creatingcompetitiveness.at\/wp-content\/uploads\/2025\/08\/competitive-arenas-300x175.png 300w, https:\/\/www.creatingcompetitiveness.at\/wp-content\/uploads\/2025\/08\/competitive-arenas-18x10.png 18w\" sizes=\"(max-width: 650px) 100vw, 650px\" \/>\t\t\t\t\t\t\t\t\t\t\t\t\t\t\t<\/div>\n\t\t\t\t<div class=\"elementor-element elementor-element-a0b2c0f elementor-widget elementor-widget-text-editor\" data-id=\"a0b2c0f\" data-element_type=\"widget\" data-e-type=\"widget\" data-widget_type=\"text-editor.default\">\n\t\t\t\t\t\t\t\t\t<p><strong>Acting strategically means setting those activities that bring advantages in the respective arena. It is critical for success to have the competencies that bring advantages in the respective competitive arena.<\/strong><\/p>\t\t\t\t\t\t\t\t<\/div>\n\t\t\t\t<div class=\"elementor-element elementor-element-79c8979 elementor-align-right elementor-widget elementor-widget-button\" data-id=\"79c8979\" data-element_type=\"widget\" data-e-type=\"widget\" data-widget_type=\"button.default\">\n\t\t\t\t\t\t\t\t\t\t<a class=\"elementor-button elementor-button-link elementor-size-sm\" href=\"https:\/\/www.creatingcompetitiveness.at\/CFinder\/English\/registrierung.php\" target=\"_blank\">\n\t\t\t\t\t\t<span class=\"elementor-button-content-wrapper\">\n\t\t\t\t\t\t\t\t\t<span class=\"elementor-button-text\">Start Competitiveness Finder<\/span>\n\t\t\t\t\t<\/span>\n\t\t\t\t\t<\/a>\n\t\t\t\t\t\t\t\t<\/div>\n\t\t\t\t\t<\/div>\n\t\t\t\t<\/div>\n\t\t\t\t<\/div>","protected":false},"excerpt":{"rendered":"<p>Das Modell. Die Hintergr\u00fcnde zum Competitiveness Finder und den vier Wettbewerbsarenen. Das Competitiveness Modell und der von Experten der Johannes Kepler Universit\u00e4t entwickelte Competitiveness Finder basiert auf zentralen Erkenntnissen der Disziplin des Strategischen Managements. Vier Schl\u00fcsselfaktoren strategischen Erfolgs stehen im Zentrum der Wettbewerbsf\u00e4higkeit in einer digitalen und vernetzten Welt. RIVALIT\u00c4T Die F\u00e4higkeit, sich von anderen [&hellip;]<\/p>\n","protected":false},"author":1,"featured_media":0,"parent":0,"menu_order":0,"comment_status":"closed","ping_status":"closed","template":"","meta":{"footnotes":""},"class_list":["post-18","page","type-page","status-publish","hentry"],"_links":{"self":[{"href":"https:\/\/www.creatingcompetitiveness.at\/en\/wp-json\/wp\/v2\/pages\/18","targetHints":{"allow":["GET"]}}],"collection":[{"href":"https:\/\/www.creatingcompetitiveness.at\/en\/wp-json\/wp\/v2\/pages"}],"about":[{"href":"https:\/\/www.creatingcompetitiveness.at\/en\/wp-json\/wp\/v2\/types\/page"}],"author":[{"embeddable":true,"href":"https:\/\/www.creatingcompetitiveness.at\/en\/wp-json\/wp\/v2\/users\/1"}],"replies":[{"embeddable":true,"href":"https:\/\/www.creatingcompetitiveness.at\/en\/wp-json\/wp\/v2\/comments?post=18"}],"version-history":[{"count":11,"href":"https:\/\/www.creatingcompetitiveness.at\/en\/wp-json\/wp\/v2\/pages\/18\/revisions"}],"predecessor-version":[{"id":197,"href":"https:\/\/www.creatingcompetitiveness.at\/en\/wp-json\/wp\/v2\/pages\/18\/revisions\/197"}],"wp:attachment":[{"href":"https:\/\/www.creatingcompetitiveness.at\/en\/wp-json\/wp\/v2\/media?parent=18"}],"curies":[{"name":"wp","href":"https:\/\/api.w.org\/{rel}","templated":true}]}}