{"id":16,"date":"2025-08-04T16:44:42","date_gmt":"2025-08-04T14:44:42","guid":{"rendered":"https:\/\/www.creatingcompetitiveness.at\/CC\/?page_id=16"},"modified":"2025-09-04T09:38:49","modified_gmt":"2025-09-04T07:38:49","slug":"competitiveness-finder","status":"publish","type":"page","link":"https:\/\/www.creatingcompetitiveness.at\/en\/competitiveness-finder\/","title":{"rendered":"Competitiveness Finder"},"content":{"rendered":"<div data-elementor-type=\"wp-page\" data-elementor-id=\"16\" class=\"elementor elementor-16\" data-elementor-post-type=\"page\">\n\t\t\t\t<div class=\"elementor-element elementor-element-0168288 e-flex e-con-boxed e-con e-parent\" data-id=\"0168288\" data-element_type=\"container\" data-e-type=\"container\" data-settings=\"{&quot;background_background&quot;:&quot;classic&quot;}\">\n\t\t\t\t\t<div class=\"e-con-inner\">\n\t\t\t\t<div class=\"elementor-element elementor-element-2dc2eac elementor-widget elementor-widget-heading\" data-id=\"2dc2eac\" data-element_type=\"widget\" data-e-type=\"widget\" data-widget_type=\"heading.default\">\n\t\t\t\t\t<h2 class=\"elementor-heading-title elementor-size-default\">Competitiveness Finder.<\/h2>\t\t\t\t<\/div>\n\t\t\t\t\t<\/div>\n\t\t\t\t<\/div>\n\t\t<div class=\"elementor-element elementor-element-2ca17c4 e-flex e-con-boxed e-con e-parent\" data-id=\"2ca17c4\" data-element_type=\"container\" data-e-type=\"container\">\n\t\t\t\t\t<div class=\"e-con-inner\">\n\t\t\t\t<div class=\"elementor-element elementor-element-9292513 elementor-widget elementor-widget-text-editor\" data-id=\"9292513\" data-element_type=\"widget\" data-e-type=\"widget\" data-widget_type=\"text-editor.default\">\n\t\t\t\t\t\t\t\t\t<p>The competitiveness finder is an assessment that focuses on the competitiveness of companies. Four key factors of strategic success provide the starting point.<\/p>\t\t\t\t\t\t\t\t<\/div>\n\t\t\t\t\t<\/div>\n\t\t\t\t<\/div>\n\t\t<div class=\"elementor-element elementor-element-203712f e-grid e-con-boxed e-con e-parent\" data-id=\"203712f\" data-element_type=\"container\" data-e-type=\"container\">\n\t\t\t\t\t<div class=\"e-con-inner\">\n\t\t<a class=\"elementor-element elementor-element-8219a14 e-con-full e-flex e-con e-child\" data-id=\"8219a14\" data-element_type=\"container\" data-e-type=\"container\" data-settings=\"{&quot;background_background&quot;:&quot;classic&quot;}\" href=\"https:\/\/www.creatingcompetitiveness.at\/en\/competitiveness-finder\/\">\n\t\t\t\t<div class=\"elementor-element elementor-element-c01138c elementor-widget elementor-widget-heading\" data-id=\"c01138c\" data-element_type=\"widget\" data-e-type=\"widget\" data-widget_type=\"heading.default\">\n\t\t\t\t\t<h2 class=\"elementor-heading-title elementor-size-default\">STRATEGIC CHOICE<\/h2>\t\t\t\t<\/div>\n\t\t\t\t<div class=\"elementor-element elementor-element-269004c elementor-widget-divider--view-line elementor-widget elementor-widget-divider\" data-id=\"269004c\" data-element_type=\"widget\" data-e-type=\"widget\" data-widget_type=\"divider.default\">\n\t\t\t\t\t\t\t<div class=\"elementor-divider\">\n\t\t\t<span class=\"elementor-divider-separator\">\n\t\t\t\t\t\t<\/span>\n\t\t<\/div>\n\t\t\t\t\t\t<\/div>\n\t\t\t\t<div class=\"elementor-element elementor-element-9905b8f elementor-widget elementor-widget-text-editor\" data-id=\"9905b8f\" data-element_type=\"widget\" data-e-type=\"widget\" data-widget_type=\"text-editor.default\">\n\t\t\t\t\t\t\t\t\t<p>The ability to actively shape the future, throw the old overboard and break new ground.<\/p>\t\t\t\t\t\t\t\t<\/div>\n\t\t\t\t<\/a>\n\t\t<a class=\"elementor-element elementor-element-6dee69a e-con-full e-flex e-con e-child\" data-id=\"6dee69a\" data-element_type=\"container\" data-e-type=\"container\" data-settings=\"{&quot;background_background&quot;:&quot;classic&quot;}\" href=\"https:\/\/www.creatingcompetitiveness.at\/en\/modell\/\">\n\t\t\t\t<div class=\"elementor-element elementor-element-bc8e169 elementor-widget elementor-widget-heading\" data-id=\"bc8e169\" data-element_type=\"widget\" data-e-type=\"widget\" data-widget_type=\"heading.default\">\n\t\t\t\t\t<h2 class=\"elementor-heading-title elementor-size-default\">CONTINUITY<\/h2>\t\t\t\t<\/div>\n\t\t\t\t<div class=\"elementor-element elementor-element-e293086 elementor-widget-divider--view-line elementor-widget elementor-widget-divider\" data-id=\"e293086\" data-element_type=\"widget\" data-e-type=\"widget\" data-widget_type=\"divider.default\">\n\t\t\t\t\t\t\t<div class=\"elementor-divider\">\n\t\t\t<span class=\"elementor-divider-separator\">\n\t\t\t\t\t\t<\/span>\n\t\t<\/div>\n\t\t\t\t\t\t<\/div>\n\t\t\t\t<div class=\"elementor-element elementor-element-2e73c2e elementor-widget elementor-widget-text-editor\" data-id=\"2e73c2e\" data-element_type=\"widget\" data-e-type=\"widget\" data-widget_type=\"text-editor.default\">\n\t\t\t\t\t\t\t\t\t<p>The ability to build on proven strengths, leverage core competencies and build on previous successes.<\/p>\t\t\t\t\t\t\t\t<\/div>\n\t\t\t\t<\/a>\n\t\t<a class=\"elementor-element elementor-element-7420477 e-con-full e-flex e-con e-child\" data-id=\"7420477\" data-element_type=\"container\" data-e-type=\"container\" data-settings=\"{&quot;background_background&quot;:&quot;classic&quot;}\" href=\"https:\/\/www.creatingcompetitiveness.at\/en\/blog\/\">\n\t\t\t\t<div class=\"elementor-element elementor-element-99dbd18 elementor-widget elementor-widget-heading\" data-id=\"99dbd18\" data-element_type=\"widget\" data-e-type=\"widget\" data-widget_type=\"heading.default\">\n\t\t\t\t\t<h2 class=\"elementor-heading-title elementor-size-default\">RIVALRY<\/h2>\t\t\t\t<\/div>\n\t\t\t\t<div class=\"elementor-element elementor-element-1609c3f elementor-widget-divider--view-line elementor-widget elementor-widget-divider\" data-id=\"1609c3f\" data-element_type=\"widget\" data-e-type=\"widget\" data-widget_type=\"divider.default\">\n\t\t\t\t\t\t\t<div class=\"elementor-divider\">\n\t\t\t<span class=\"elementor-divider-separator\">\n\t\t\t\t\t\t<\/span>\n\t\t<\/div>\n\t\t\t\t\t\t<\/div>\n\t\t\t\t<div class=\"elementor-element elementor-element-8932d00 elementor-widget elementor-widget-text-editor\" data-id=\"8932d00\" data-element_type=\"widget\" data-e-type=\"widget\" data-widget_type=\"text-editor.default\">\n\t\t\t\t\t\t\t\t\tThe ability to stand out from others (unique selling proposition, USP) and compete against others in the marketplace.\t\t\t\t\t\t\t\t<\/div>\n\t\t\t\t<\/a>\n\t\t<a class=\"elementor-element elementor-element-cd1e3ac e-con-full e-flex e-con e-child\" data-id=\"cd1e3ac\" data-element_type=\"container\" data-e-type=\"container\" data-settings=\"{&quot;background_background&quot;:&quot;classic&quot;}\" href=\"https:\/\/www.creatingcompetitiveness.at\/en\/blog\/\">\n\t\t\t\t<div class=\"elementor-element elementor-element-0ee993c elementor-widget elementor-widget-heading\" data-id=\"0ee993c\" data-element_type=\"widget\" data-e-type=\"widget\" data-widget_type=\"heading.default\">\n\t\t\t\t\t<h2 class=\"elementor-heading-title elementor-size-default\">COOPERATION<\/h2>\t\t\t\t<\/div>\n\t\t\t\t<div class=\"elementor-element elementor-element-8aa8e69 elementor-widget-divider--view-line elementor-widget elementor-widget-divider\" data-id=\"8aa8e69\" data-element_type=\"widget\" data-e-type=\"widget\" data-widget_type=\"divider.default\">\n\t\t\t\t\t\t\t<div class=\"elementor-divider\">\n\t\t\t<span class=\"elementor-divider-separator\">\n\t\t\t\t\t\t<\/span>\n\t\t<\/div>\n\t\t\t\t\t\t<\/div>\n\t\t\t\t<div class=\"elementor-element elementor-element-feaf7ef elementor-widget elementor-widget-text-editor\" data-id=\"feaf7ef\" data-element_type=\"widget\" data-e-type=\"widget\" data-widget_type=\"text-editor.default\">\n\t\t\t\t\t\t\t\t\t<p>The ability to collaborate with other companies and organizations to achieve common goals.<\/p>\t\t\t\t\t\t\t\t<\/div>\n\t\t\t\t<\/a>\n\t\t\t\t\t<\/div>\n\t\t\t\t<\/div>\n\t\t<div class=\"elementor-element elementor-element-8003cbb e-flex e-con-boxed e-con e-parent\" data-id=\"8003cbb\" data-element_type=\"container\" data-e-type=\"container\">\n\t\t\t\t\t<div class=\"e-con-inner\">\n\t\t\t\t<div class=\"elementor-element elementor-element-e57e2b3 elementor-widget elementor-widget-text-editor\" data-id=\"e57e2b3\" data-element_type=\"widget\" data-e-type=\"widget\" data-widget_type=\"text-editor.default\">\n\t\t\t\t\t\t\t\t\t<div class=\"cc-m-hgrid-column last\"><div id=\"cc-matrix-4248972430\"><div id=\"cc-m-14493641630\" class=\"j-module n j-text\"><p>Determine how your company can score even better in the market in a specific competitive arena. Learn which strategy tools and management methods will benefit you.<\/p><\/div><div id=\"cc-m-14493641730\" class=\"j-module n j-text\"><p>The Competitiveness Finder is free, fast, easy to use, and gives you immediate results - start it now!<\/p><\/div><\/div><\/div>\t\t\t\t\t\t\t\t<\/div>\n\t\t\t\t<div class=\"elementor-element elementor-element-46c4887 elementor-align-right elementor-widget elementor-widget-button\" data-id=\"46c4887\" data-element_type=\"widget\" data-e-type=\"widget\" data-widget_type=\"button.default\">\n\t\t\t\t\t\t\t\t\t\t<a class=\"elementor-button elementor-button-link elementor-size-sm\" href=\"https:\/\/www.creatingcompetitiveness.at\/CFinder\/English\/registrierung.php\" target=\"_blank\">\n\t\t\t\t\t\t<span class=\"elementor-button-content-wrapper\">\n\t\t\t\t\t\t\t\t\t<span class=\"elementor-button-text\">Start Competitiveness Finder<\/span>\n\t\t\t\t\t<\/span>\n\t\t\t\t\t<\/a>\n\t\t\t\t\t\t\t\t<\/div>\n\t\t\t\t\t<\/div>\n\t\t\t\t<\/div>\n\t\t\t\t<\/div>","protected":false},"excerpt":{"rendered":"<p>Competitiveness Finder. Der Competitiveness Finder ist ein Assessment, das sich auf die Wettbewerbsf\u00e4higkeit von Unternehmen konzentriert.\u00a0Die Ausgangsbasis bilden vier Schl\u00fcsselfaktoren strategischen Erfolgs. STRATEGISCHE WAHL Die F\u00e4higkeit, die Zukunft aktiv zu gestalten, Altes \u00fcber Bord zu werfen und neue Wege zu beschreiten. KONTINUIT\u00c4T Die F\u00e4higkeit, auf erprobte St\u00e4rken zu setzen, Kernkompetenzen zu nutzen und bisherige Erfolge [&hellip;]<\/p>\n","protected":false},"author":1,"featured_media":0,"parent":0,"menu_order":0,"comment_status":"closed","ping_status":"closed","template":"","meta":{"footnotes":""},"class_list":["post-16","page","type-page","status-publish","hentry"],"_links":{"self":[{"href":"https:\/\/www.creatingcompetitiveness.at\/en\/wp-json\/wp\/v2\/pages\/16","targetHints":{"allow":["GET"]}}],"collection":[{"href":"https:\/\/www.creatingcompetitiveness.at\/en\/wp-json\/wp\/v2\/pages"}],"about":[{"href":"https:\/\/www.creatingcompetitiveness.at\/en\/wp-json\/wp\/v2\/types\/page"}],"author":[{"embeddable":true,"href":"https:\/\/www.creatingcompetitiveness.at\/en\/wp-json\/wp\/v2\/users\/1"}],"replies":[{"embeddable":true,"href":"https:\/\/www.creatingcompetitiveness.at\/en\/wp-json\/wp\/v2\/comments?post=16"}],"version-history":[{"count":19,"href":"https:\/\/www.creatingcompetitiveness.at\/en\/wp-json\/wp\/v2\/pages\/16\/revisions"}],"predecessor-version":[{"id":190,"href":"https:\/\/www.creatingcompetitiveness.at\/en\/wp-json\/wp\/v2\/pages\/16\/revisions\/190"}],"wp:attachment":[{"href":"https:\/\/www.creatingcompetitiveness.at\/en\/wp-json\/wp\/v2\/media?parent=16"}],"curies":[{"name":"wp","href":"https:\/\/api.w.org\/{rel}","templated":true}]}}