{"id":13,"date":"2025-08-04T16:44:11","date_gmt":"2025-08-04T14:44:11","guid":{"rendered":"https:\/\/www.creatingcompetitiveness.at\/CC\/?page_id=13"},"modified":"2025-08-27T09:39:14","modified_gmt":"2025-08-27T07:39:14","slug":"impressum","status":"publish","type":"page","link":"https:\/\/www.creatingcompetitiveness.at\/en\/impressum\/","title":{"rendered":"Legal"},"content":{"rendered":"<div data-elementor-type=\"wp-page\" data-elementor-id=\"13\" class=\"elementor elementor-13\" data-elementor-post-type=\"page\">\n\t\t\t\t<div class=\"elementor-element elementor-element-114f86d e-flex e-con-boxed e-con e-parent\" data-id=\"114f86d\" data-element_type=\"container\" data-e-type=\"container\" data-settings=\"{&quot;background_background&quot;:&quot;classic&quot;}\">\n\t\t\t\t\t<div class=\"e-con-inner\">\n\t\t\t\t<div class=\"elementor-element elementor-element-2dbfe42 elementor-widget elementor-widget-heading\" data-id=\"2dbfe42\" data-element_type=\"widget\" data-e-type=\"widget\" data-widget_type=\"heading.default\">\n\t\t\t\t\t<h2 class=\"elementor-heading-title elementor-size-default\">Imprint.<\/h2>\t\t\t\t<\/div>\n\t\t\t\t\t<\/div>\n\t\t\t\t<\/div>\n\t\t<div class=\"elementor-element elementor-element-ee1eab8 e-flex e-con-boxed e-con e-parent\" data-id=\"ee1eab8\" data-element_type=\"container\" data-e-type=\"container\">\n\t\t\t\t\t<div class=\"e-con-inner\">\n\t\t\t\t<div class=\"elementor-element elementor-element-e0134db elementor-widget elementor-widget-heading\" data-id=\"e0134db\" data-element_type=\"widget\" data-e-type=\"widget\" data-widget_type=\"heading.default\">\n\t\t\t\t\t<h2 class=\"elementor-heading-title elementor-size-default\">CREATING COMPETITIVENESS<\/h2>\t\t\t\t<\/div>\n\t\t\t\t<div class=\"elementor-element elementor-element-7ec7b72 elementor-widget elementor-widget-text-editor\" data-id=\"7ec7b72\" data-element_type=\"widget\" data-e-type=\"widget\" data-widget_type=\"text-editor.default\">\n\t\t\t\t\t\t\t\t\t<p>Successfully shaping competitive arenas and<br \/>securing new market positions in a globalized, digital world!<\/p>\t\t\t\t\t\t\t\t<\/div>\n\t\t\t\t<div class=\"elementor-element elementor-element-3fa04c8 elementor-widget-divider--view-line elementor-widget elementor-widget-divider\" data-id=\"3fa04c8\" data-element_type=\"widget\" data-e-type=\"widget\" data-widget_type=\"divider.default\">\n\t\t\t\t\t\t\t<div class=\"elementor-divider\">\n\t\t\t<span class=\"elementor-divider-separator\">\n\t\t\t\t\t\t<\/span>\n\t\t<\/div>\n\t\t\t\t\t\t<\/div>\n\t\t\t\t<div class=\"elementor-element elementor-element-b39277c elementor-widget elementor-widget-text-editor\" data-id=\"b39277c\" data-element_type=\"widget\" data-e-type=\"widget\" data-widget_type=\"text-editor.default\">\n\t\t\t\t\t\t\t\t\t<div id=\"cc-m-14493912930\" class=\"j-module n j-text\"><p><strong>Evolvere e.U.<\/strong><br \/><strong>Strategy Consultant, Executive Coach, and Trainer<\/strong><\/p><\/div><div id=\"cc-m-14493913130\" class=\"j-module n j-text\"><p>Phone: +43 7237 5081<br \/>E-Mail:\u00a0<a title=\"office@evolvere.at\" href=\"mailto:office@evolvere.at\">office@evolvere.at<\/a><br \/>4222 Langenstein, Austria<br \/>Frankenberg 11<\/p><\/div><div id=\"cc-m-14493913430\" class=\"j-module n j-text\"><p>Company register number: 303249f<br \/>UID-number: ATU 60396529<br \/>Company court: Regional court Linz<\/p><\/div><div id=\"cc-m-14493913530\" class=\"j-module n j-text\"><p>Authority according to E-Commerce law: District authority Perg<br \/>Member of the Chamber of Commerce: Upper Austria<br \/>Business licencse: Management consultant<\/p><\/div>\t\t\t\t\t\t\t\t<\/div>\n\t\t\t\t<div class=\"elementor-element elementor-element-0187a42 elementor-widget elementor-widget-image\" data-id=\"0187a42\" data-element_type=\"widget\" data-e-type=\"widget\" data-widget_type=\"image.default\">\n\t\t\t\t\t\t\t\t\t\t\t\t\t\t\t<img decoding=\"async\" width=\"273\" height=\"41\" src=\"https:\/\/www.creatingcompetitiveness.at\/wp-content\/uploads\/2025\/08\/wko.jpg\" class=\"attachment-full size-full wp-image-171\" alt=\"\" srcset=\"https:\/\/www.creatingcompetitiveness.at\/wp-content\/uploads\/2025\/08\/wko.jpg 273w, https:\/\/www.creatingcompetitiveness.at\/wp-content\/uploads\/2025\/08\/wko-18x3.jpg 18w\" sizes=\"(max-width: 273px) 100vw, 273px\" \/>\t\t\t\t\t\t\t\t\t\t\t\t\t\t\t<\/div>\n\t\t\t\t\t<\/div>\n\t\t\t\t<\/div>\n\t\t\t\t<\/div>","protected":false},"excerpt":{"rendered":"<p>Impressum. CREATING COMPETITIVENESS In einer globalisierten, digitalen Welt erfolgreich Arenendes Wettbewerbs gestalten und neue Positionen am Markt sichern! Evolvere e.U.Unternehmensberatung, Executive Coaching und Training Telefon: +43 7237 5081E-Mail:\u00a0office@evolvere.at4222 LangensteinFrankenberg 11 Firmenbuchnummer: 303249fUID-Nummer: ATU 60396529Firmengericht: Landesgericht Linz Beh\u00f6rde gem. ECG (E-Commerce Gesetz): Bezirkshauptmannschaft PergMitglied der Wirtschaftskammer: Ober\u00f6sterreichGewerbeberechtigung: Unternehmensberater einschlie\u00dflich der Unternehmensorganisatoren<\/p>","protected":false},"author":1,"featured_media":0,"parent":0,"menu_order":0,"comment_status":"closed","ping_status":"closed","template":"","meta":{"footnotes":""},"class_list":["post-13","page","type-page","status-publish","hentry"],"_links":{"self":[{"href":"https:\/\/www.creatingcompetitiveness.at\/en\/wp-json\/wp\/v2\/pages\/13","targetHints":{"allow":["GET"]}}],"collection":[{"href":"https:\/\/www.creatingcompetitiveness.at\/en\/wp-json\/wp\/v2\/pages"}],"about":[{"href":"https:\/\/www.creatingcompetitiveness.at\/en\/wp-json\/wp\/v2\/types\/page"}],"author":[{"embeddable":true,"href":"https:\/\/www.creatingcompetitiveness.at\/en\/wp-json\/wp\/v2\/users\/1"}],"replies":[{"embeddable":true,"href":"https:\/\/www.creatingcompetitiveness.at\/en\/wp-json\/wp\/v2\/comments?post=13"}],"version-history":[{"count":4,"href":"https:\/\/www.creatingcompetitiveness.at\/en\/wp-json\/wp\/v2\/pages\/13\/revisions"}],"predecessor-version":[{"id":174,"href":"https:\/\/www.creatingcompetitiveness.at\/en\/wp-json\/wp\/v2\/pages\/13\/revisions\/174"}],"wp:attachment":[{"href":"https:\/\/www.creatingcompetitiveness.at\/en\/wp-json\/wp\/v2\/media?parent=13"}],"curies":[{"name":"wp","href":"https:\/\/api.w.org\/{rel}","templated":true}]}}